{"id":3,"date":"2025-09-05T12:46:01","date_gmt":"2025-09-05T11:46:01","guid":{"rendered":"https:\/\/new.inrevel.com\/?page_id=3"},"modified":"2025-09-10T09:12:43","modified_gmt":"2025-09-10T07:12:43","slug":"privacy-policy","status":"publish","type":"page","link":"https:\/\/new.inrevel.com\/de\/privacy-policy\/","title":{"rendered":"Datenschutz"},"content":{"rendered":"<div class=\"inrevel-blog-article\">\n<em data-end=\"403\" data-start=\"372\">G\u00fcltig ab: 06.04.2025<\/em><\/p>\n\n<p data-end=\"715\" data-start=\"405\">Bei <strong data-end=\"419\" data-start=\"408\">Inrevel<\/strong> (<a data-end=\"436\" data-start=\"421\" href=\"https:\/\/inrevel.com\/de\/\" rel=\"noopener\" target=\"_new\">www.inrevel.com<\/a>) ist uns Ihr Datenschutz wichtig. Diese Datenschutzerkl\u00e4rung erkl\u00e4rt, wie wir Informationen sammeln, verwenden, offenlegen und sch\u00fctzen, wenn Sie unsere Website besuchen. Bitte lesen Sie diese Erkl\u00e4rung sorgf\u00e4ltig durch. Wenn Sie den Bedingungen dieser Datenschutzerkl\u00e4rung nicht zustimmen, greifen Sie bitte nicht auf die Website zu.<\/p>\n\n<h3 data-end=\"746\" data-start=\"717\">1. Welche Informationen wir erheben<\/h3>\n\n<p data-end=\"863\" data-start=\"748\">Wir k\u00f6nnen personenbezogene Daten erheben, die Sie uns freiwillig zur Verf\u00fcgung stellen, wenn Sie mit unserer Website interagieren, wie zum Beispiel:<\/p>\n\n<ul data-end=\"955\" data-start=\"865\">\n\t<li data-end=\"871\" data-start=\"865\">\n\t<p data-end=\"871\" data-start=\"867\">Name<\/p>\n\t<\/li>\n\t<li data-end=\"887\" data-start=\"872\">\n\t<p data-end=\"887\" data-start=\"874\">E-Mail-Adresse<\/p>\n\t<\/li>\n\t<li data-end=\"909\" data-start=\"888\">\n\t<p data-end=\"909\" data-start=\"890\">Kontaktdaten<\/p>\n\t<\/li>\n\t<li data-end=\"955\" data-start=\"910\">\n\t<p data-end=\"955\" data-start=\"912\">Alle weiteren Informationen, die Sie uns mitteilen<\/p>\n\t<\/li>\n<\/ul>\n\n<p data-end=\"1020\" data-start=\"957\">Wir k\u00f6nnen auch automatisch bestimmte Informationen erfassen, wie zum Beispiel:<\/p>\n\n<ul data-end=\"1146\" data-start=\"1022\">\n\t<li data-end=\"1034\" data-start=\"1022\">\n\t<p data-end=\"1034\" data-start=\"1024\">IP-Adresse<\/p>\n\t<\/li>\n\t<li data-end=\"1049\" data-start=\"1035\">\n\t<p data-end=\"1049\" data-start=\"1037\">Browsertyp<\/p>\n\t<\/li>\n\t<li data-end=\"1068\" data-start=\"1050\">\n\t<p data-end=\"1068\" data-start=\"1052\">Betriebssystem<\/p>\n\t<\/li>\n\t<li data-end=\"1082\" data-start=\"1069\">\n\t<p data-end=\"1082\" data-start=\"1071\">Ger\u00e4tetyp<\/p>\n\t<\/li>\n\t<li data-end=\"1146\" data-start=\"1083\">\n\t<p data-end=\"1146\" data-start=\"1085\">Besuchte Seiten und Nutzungsdaten (\u00fcber Cookies oder Analysetools)<\/p>\n\t<\/li>\n<\/ul>\n\n<h3 data-end=\"1182\" data-start=\"1148\">2. Wie wir Ihre Informationen verwenden<\/h3>\n\n<p data-end=\"1221\" data-start=\"1184\">Wir verwenden die gesammelten Informationen, um:<\/p>\n\n<ul data-end=\"1500\" data-start=\"1223\">\n\t<li data-end=\"1267\" data-start=\"1223\">\n\t<p data-end=\"1267\" data-start=\"1225\">Unsere Website bereitzustellen, zu betreiben und zu warten<\/p>\n\t<\/li>\n\t<li data-end=\"1315\" data-start=\"1268\">\n\t<p data-end=\"1315\" data-start=\"1270\">Unsere Dienste zu verbessern, zu personalisieren und zu erweitern<\/p>\n\t<\/li>\n\t<li data-end=\"1361\" data-start=\"1316\">\n\t<p data-end=\"1361\" data-start=\"1318\">Zu verstehen und zu analysieren, wie Sie unsere Website nutzen<\/p>\n\t<\/li>\n\t<li data-end=\"1418\" data-start=\"1362\">\n\t<p data-end=\"1418\" data-start=\"1364\">Mit Ihnen zu kommunizieren (z. B. Kundensupport, Updates)<\/p>\n\t<\/li>\n\t<li data-end=\"1468\" data-start=\"1419\">\n\t<p data-end=\"1468\" data-start=\"1421\">Betr\u00fcgerische Aktivit\u00e4ten zu verhindern und die Sicherheit zu gew\u00e4hrleisten<\/p>\n\t<\/li>\n\t<li data-end=\"1500\" data-start=\"1469\">\n\t<p data-end=\"1500\" data-start=\"1471\">Gesetzlichen Verpflichtungen nachzukommen<\/p>\n\t<\/li>\n<\/ul>\n\n<h3 data-end=\"1533\" data-start=\"1502\">3. Weitergabe Ihrer Informationen<\/h3>\n\n<p data-end=\"1613\" data-start=\"1535\">Wir verkaufen oder vermieten Ihre personenbezogenen Daten nicht. Wir k\u00f6nnen Ihre Informationen weitergeben an:<\/p>\n\n<ul data-end=\"1818\" data-start=\"1615\">\n\t<li data-end=\"1686\" data-start=\"1615\">\n\t<p data-end=\"1686\" data-start=\"1617\">Dienstleister und Partner, die uns beim Betrieb der Website unterst\u00fctzen<\/p>\n\t<\/li>\n\t<li data-end=\"1752\" data-start=\"1687\">\n\t<p data-end=\"1752\" data-start=\"1689\">Beh\u00f6rden, wenn dies gesetzlich vorgeschrieben ist oder um unsere Rechte zu sch\u00fctzen<\/p>\n\t<\/li>\n\t<li data-end=\"1818\" data-start=\"1753\">\n\t<p data-end=\"1818\" data-start=\"1755\">Verbundene Unternehmen oder Rechtsnachfolger im Falle einer Gesch\u00e4fts\u00fcbertragung oder Fusion<\/p>\n\t<\/li>\n<\/ul>\n\n<h3 data-end=\"1860\" data-start=\"1820\">4. Cookies und Tracking-Technologien<\/h3>\n\n<p data-end=\"2048\" data-start=\"1862\">Wir verwenden Cookies und \u00e4hnliche Tracking-Technologien, um die Nutzererfahrung zu verbessern, den Website-Traffic zu analysieren und das Nutzerverhalten zu verstehen. Sie k\u00f6nnen Cookies \u00fcber Ihre Browsereinstellungen steuern.<\/p>\n\n<h3 data-end=\"2068\" data-start=\"2050\">5. Ihre Rechte<\/h3>\n\n<p data-end=\"2124\" data-start=\"2070\">Je nach Ihrem Standort haben Sie m\u00f6glicherweise das Recht:<\/p>\n\n<ul data-end=\"2386\" data-start=\"2126\">\n\t<li data-end=\"2177\" data-start=\"2126\">\n\t<p data-end=\"2177\" data-start=\"2128\">Auf die personenbezogenen Daten zuzugreifen, die wir \u00fcber Sie speichern<\/p>\n\t<\/li>\n\t<li data-end=\"2230\" data-start=\"2178\">\n\t<p data-end=\"2230\" data-start=\"2180\">Die Berichtigung oder L\u00f6schung Ihrer Daten zu verlangen<\/p>\n\t<\/li>\n\t<li data-end=\"2284\" data-start=\"2231\">\n\t<p data-end=\"2284\" data-start=\"2233\">Bestimmten Verarbeitungsaktivit\u00e4ten zu widersprechen oder diese einzuschr\u00e4nken<\/p>\n\t<\/li>\n\t<li data-end=\"2334\" data-start=\"2285\">\n\t<p data-end=\"2334\" data-start=\"2287\">Ihre Einwilligung jederzeit zu widerrufen (sofern anwendbar)<\/p>\n\t<\/li>\n\t<li data-end=\"2386\" data-start=\"2335\">\n\t<p data-end=\"2386\" data-start=\"2337\">Eine Beschwerde bei einer Datenschutzbeh\u00f6rde einzureichen<\/p>\n\t<\/li>\n<\/ul>\n\n<p data-end=\"2458\" data-start=\"2388\">Um Ihre Rechte auszu\u00fcben, kontaktieren Sie uns bitte unter der unten angegebenen E-Mail-Adresse.<\/p>\n\n<h3 data-end=\"2481\" data-start=\"2460\">6. Aufbewahrung von Daten<\/h3>\n\n<p data-end=\"2623\" data-start=\"2483\">Wir bewahren Ihre personenbezogenen Daten nur so lange auf, wie es f\u00fcr die in dieser Erkl\u00e4rung beschriebenen Zwecke erforderlich ist und um gesetzlichen Verpflichtungen nachzukommen.<\/p>\n\n<h3 data-end=\"2645\" data-start=\"2625\">7. Datensicherheit<\/h3>\n\n<p data-end=\"2843\" data-start=\"2647\">Wir setzen geeignete technische und organisatorische Ma\u00dfnahmen ein, um Ihre Daten zu sch\u00fctzen. Allerdings ist keine \u00dcbertragung \u00fcber das Internet zu 100 % sicher, und wir k\u00f6nnen keine absolute Sicherheit garantieren.<\/p>\n\n<h3 data-end=\"2875\" data-start=\"2845\">8. Internationale \u00dcbermittlungen<\/h3>\n\n<p data-end=\"3066\" data-start=\"2877\">Wenn Sie sich au\u00dferhalb des Landes befinden, in dem unsere Server betrieben werden, k\u00f6nnen Ihre Daten in dieses Land \u00fcbertragen und dort verarbeitet werden. Durch die Nutzung unserer Website stimmen Sie einer solchen \u00dcbertragung zu.<\/p>\n\n<h3 data-end=\"3093\" data-start=\"3068\">9. Datenschutz f\u00fcr Kinder<\/h3>\n\n<p data-end=\"3217\" data-start=\"3095\">Unsere Website ist nicht f\u00fcr Kinder unter 13 Jahren bestimmt, und wir erheben wissentlich keine personenbezogenen Daten von Kindern.<\/p>\n\n<h3 data-end=\"3249\" data-start=\"3219\">10. \u00c4nderungen dieser Erkl\u00e4rung<\/h3>\n\n<p data-end=\"3377\" data-start=\"3251\">Wir k\u00f6nnen diese Datenschutzerkl\u00e4rung von Zeit zu Zeit aktualisieren. \u00c4nderungen werden auf dieser Seite mit einem aktualisierten \u201eG\u00fcltig ab\u201c-Datum ver\u00f6ffentlicht.<\/p>\n\n<h3 data-end=\"3397\" data-start=\"3379\">11. Kontakt<\/h3>\n\n<p data-end=\"3482\" data-start=\"3399\">Wenn Sie Fragen oder Bedenken zu dieser Datenschutzerkl\u00e4rung haben, k\u00f6nnen Sie uns kontaktieren unter:<\/p>\n\n<p data-end=\"3547\" data-start=\"3484\"><strong data-end=\"3494\" data-start=\"3484\">Email:<\/strong> <a rel=\"noopener\">contact@inrevel.com<\/a><br data-end=\"3519\" data-start=\"3516\" \/>\n<strong data-end=\"3531\" data-start=\"3519\">Website:<\/strong> <a data-end=\"3547\" data-start=\"3532\" href=\"https:\/\/inrevel.com\/de\/\" rel=\"noopener\" target=\"_new\">www.inrevel.com<\/a><\/p>\n<\/div><p><\/p>","protected":false},"excerpt":{"rendered":"<p>Effective Date: 06.04.2025 At Inrevel (www.inrevel.com), your privacy is important to us. This Privacy Policy explains how we collect, use, disclose, and safeguard your information when you visit our website. Please read this policy carefully. If you do not agree with the terms of this privacy policy, please do not access the site. 1. Information [&hellip;]<\/p>","protected":false},"author":1,"featured_media":0,"parent":0,"menu_order":0,"comment_status":"closed","ping_status":"open","template":"","meta":{"footnotes":""},"class_list":["post-3","page","type-page","status-publish","hentry"],"_links":{"self":[{"href":"https:\/\/new.inrevel.com\/de\/wp-json\/wp\/v2\/pages\/3","targetHints":{"allow":["GET"]}}],"collection":[{"href":"https:\/\/new.inrevel.com\/de\/wp-json\/wp\/v2\/pages"}],"about":[{"href":"https:\/\/new.inrevel.com\/de\/wp-json\/wp\/v2\/types\/page"}],"author":[{"embeddable":true,"href":"https:\/\/new.inrevel.com\/de\/wp-json\/wp\/v2\/users\/1"}],"replies":[{"embeddable":true,"href":"https:\/\/new.inrevel.com\/de\/wp-json\/wp\/v2\/comments?post=3"}],"version-history":[{"count":5,"href":"https:\/\/new.inrevel.com\/de\/wp-json\/wp\/v2\/pages\/3\/revisions"}],"predecessor-version":[{"id":476,"href":"https:\/\/new.inrevel.com\/de\/wp-json\/wp\/v2\/pages\/3\/revisions\/476"}],"wp:attachment":[{"href":"https:\/\/new.inrevel.com\/de\/wp-json\/wp\/v2\/media?parent=3"}],"curies":[{"name":"wp","href":"https:\/\/api.w.org\/{rel}","templated":true}]}}