{"id":428,"date":"2025-09-07T13:44:23","date_gmt":"2025-09-07T11:44:23","guid":{"rendered":"https:\/\/new.inrevel.com\/?page_id=428"},"modified":"2025-09-08T21:03:06","modified_gmt":"2025-09-08T19:03:06","slug":"the-brand","status":"publish","type":"page","link":"https:\/\/new.inrevel.com\/de\/the-brand\/","title":{"rendered":"The Brand"},"content":{"rendered":"<div class=\"inrevel-about-page-block\">\n<div class=\"inrevel-about-page-block-item\">\n<p class=\"inrevel-story-about-item-after-h\">Entdecke die Geschichte von Inrevel: Mutige Mode aus dem Herzen der Alpen<\/p>\n\n<div class=\"inrevel-story-about-item-h-line\">&nbsp;<\/div>\n\n<p><strong>Inrevel<\/strong> definiert die Regeln der modernen Mode neu. Unsere Marke ist der Ort, an dem Kreativit\u00e4t auf Individualit\u00e4t trifft \u2013 und jedes Design seine eigene Geschichte erz\u00e4hlt. Verwurzelt im Geist der Alpen feiert <strong>Inrevel<\/strong> den mutigen Selbstausdruck und zeitlosen Stil \u2013 geschaffen f\u00fcr alle, die sich nicht mit dem Gew\u00f6hnlichen zufriedengeben. <strong>Designed in Tirol, Austria.<\/strong>.<\/p>\n\n<p><strong>Woraus wir gemacht sind<\/strong><\/p>\n\n<p><strong>Inrevel<\/strong> ist nicht nur eine Modemarke, sondern eine Bewegung. Wir entwerfen f\u00fcr Tr\u00e4umer, Kreative und Regelbrecher, die Mode als M\u00f6glichkeit sehen, ihre Stimme zu verst\u00e4rken. Inspiriert von der wilden Sch\u00f6nheit der Tiroler Berge \u2013 wo Tradition auf modernen Zeitgeist trifft \u2013 fangen unsere Kollektionen sowohl Freiheit als auch St\u00e4rke ein. Ob du in ein Damen-V-Neck-T-Shirt schl\u00fcpfst, dich mit einem Hoodie einkleidest oder dein Outfit mit dem perfekten Accessoire abrundest \u2013 jedes St\u00fcck spiegelt deine Einzigartigkeit wider.<\/p>\n\n<p><strong>F\u00fcr jeden Moment, f\u00fcr jedes Ich<\/strong><\/p>\n\n<p>Bei <strong>Inrevel<\/strong>erschaffen wir nicht nur Kleidung, sondern Erlebnisse. Ob bei einem Wochenendabenteuer in den Alpen oder einer kreativen Nachtsession in der Stadt \u2013 <strong>Inrevel<\/strong> ist immer da, um deinen Stil zu unterstreichen und dein Selbstbewusstsein zu st\u00e4rken.<\/p>\n\n<p><strong>Inrevels Vision<\/strong><\/p>\n\n<p>Gegr\u00fcndet mit einem klaren Ziel \u2013 Menschen durch Mode zur Individualit\u00e4t zu inspirieren \u2013 verk\u00f6rpern <strong>Inrevel<\/strong> Designs Leidenschaft, Innovation und einen Hauch Tiroler Seele. Jedes Teil erinnert daran, dass wahrer Stil dort entsteht, wo mutige Ideen auf furchtlosen Selbstausdruck treffen.<\/p>\n\n<p><strong>Werde Teil der Bewegung<\/strong><\/p>\n\n<p><strong>Inrevel<\/strong> ist mehr als eine Marke \u2013 es ist eine Lebenseinstellung. F\u00fcr alle, die Qualit\u00e4t sch\u00e4tzen, Kreativit\u00e4t suchen und den Mut haben, anders zu sein. Entdecke unsere Kollektionen und finde die Kleidung St\u00fccke, die deine Seele ber\u00fchren.<\/p>\n\n<p><strong>Sei mutig. Sei Inrevel!<\/strong><\/p>\n<\/div>\n\n<div class=\"inrevel-about-page-block-item\"><img decoding=\"async\" alt=\"story about Inrevel\" class=\"inrevel-about-page-block-item-img\" src=\"\/image\/story-about-inrevel.jpg\" title=\"story about the brand Inrevel\" \/>\n<p class=\"inrevel-about-page-block-item-p\">Sei mutig!<br \/>\nsei<br \/>\nInrevel<\/p>\n<\/div>\n<\/div>\n\n<div class=\"my-sidenav-double-line\">\n<div class=\"my-sidenav-double-line-gray\">&nbsp;<\/div>\n\n<div class=\"my-sidenav-double-line-orange\">&nbsp;<\/div>\n\n<div class=\"my-sidenav-double-line-gray\">&nbsp;<\/div>\n<\/div>","protected":false},"excerpt":{"rendered":"<p>Discover the Story Behind Inrevel: Bold Fashion Born in the Heart of the Alps &nbsp; Inrevel sets the rules of modern fashion. Our brand is where creativity meets individuality, and every print tells a story.Rooted in the spirit of the Alps, Inrevel celebrates bold self-expression and timeless style\u2014crafted for those who refuse to settle for [&hellip;]<\/p>","protected":false},"author":1,"featured_media":0,"parent":0,"menu_order":0,"comment_status":"closed","ping_status":"closed","template":"","meta":{"footnotes":""},"class_list":["post-428","page","type-page","status-publish","hentry"],"_links":{"self":[{"href":"https:\/\/new.inrevel.com\/de\/wp-json\/wp\/v2\/pages\/428","targetHints":{"allow":["GET"]}}],"collection":[{"href":"https:\/\/new.inrevel.com\/de\/wp-json\/wp\/v2\/pages"}],"about":[{"href":"https:\/\/new.inrevel.com\/de\/wp-json\/wp\/v2\/types\/page"}],"author":[{"embeddable":true,"href":"https:\/\/new.inrevel.com\/de\/wp-json\/wp\/v2\/users\/1"}],"replies":[{"embeddable":true,"href":"https:\/\/new.inrevel.com\/de\/wp-json\/wp\/v2\/comments?post=428"}],"version-history":[{"count":3,"href":"https:\/\/new.inrevel.com\/de\/wp-json\/wp\/v2\/pages\/428\/revisions"}],"predecessor-version":[{"id":443,"href":"https:\/\/new.inrevel.com\/de\/wp-json\/wp\/v2\/pages\/428\/revisions\/443"}],"wp:attachment":[{"href":"https:\/\/new.inrevel.com\/de\/wp-json\/wp\/v2\/media?parent=428"}],"curies":[{"name":"wp","href":"https:\/\/api.w.org\/{rel}","templated":true}]}}