{"id":433,"date":"2025-09-07T16:02:22","date_gmt":"2025-09-07T14:02:22","guid":{"rendered":"https:\/\/new.inrevel.com\/?page_id=433"},"modified":"2025-09-07T16:43:18","modified_gmt":"2025-09-07T14:43:18","slug":"sitemap","status":"publish","type":"page","link":"https:\/\/new.inrevel.com\/de\/sitemap\/","title":{"rendered":"Sitemap"},"content":{"rendered":"<div id=\"html_sitemap\" class=\"single-column\"><div class='sitemap-column sitemap-columns-1 sitemap-posttypes'><div class='html-sitemap-column'><h2>Beitr\u00e4ge<\/h2><ul><li class='post_item post-item-456'><a href='https:\/\/new.inrevel.com\/de\/how-to-choose-the-right-t-shirt-size\/'>Wie man die richtige T-Shirt-Gr\u00f6\u00dfe w\u00e4hlt.<\/a><\/li><li class='post_item post-item-460'><a href='https:\/\/new.inrevel.com\/de\/how-to-choose-right-size-womens-tshirt-guide\/'>Wie man die richtige Gr\u00f6\u00dfe f\u00fcr ein Damen-T-Shirt w\u00e4hlt<\/a><\/li><li class='post_item post-item-463'><a href='https:\/\/new.inrevel.com\/de\/how-to-choose-mens-t-shirt-size\/'>Wie man die richtige Herren-T-Shirt-Gr\u00f6\u00dfe w\u00e4hlt<\/a><\/li><li class='post_item post-item-466'><a href='https:\/\/new.inrevel.com\/de\/how-the-t-shirt-was-invented\/'>Wie das T-Shirt erfunden wurde<\/a><\/li><li class='post_item post-item-477'><a href='https:\/\/new.inrevel.com\/de\/t-shirts-top-10-facts-about\/'>Top 10 interessantesten Fakten \u00fcber T-Shirts<\/a><\/li><li class='post_item post-item-480'><a href='https:\/\/new.inrevel.com\/de\/t-shirt-records\/'>T-Shirt-Rekorde<\/a><\/li><li class='post_item post-item-483'><a href='https:\/\/new.inrevel.com\/de\/strangest-t-shirt-materials-ever\/'>Die seltsamsten T-Shirt-Materialien aller Zeiten<\/a><\/li><li class='post_item post-item-486'><a href='https:\/\/new.inrevel.com\/de\/how-long-should-a-mans-t-shirt-be\/'>Wie lang sollte ein Herren-T-Shirt sein<\/a><\/li><li class='post_item post-item-489'><a href='https:\/\/new.inrevel.com\/de\/how-long-should-a-womans-t-shirt-be\/'>Wie lang sollte ein Damen-T-Shirt sein<\/a><\/li><li class='post_item post-item-492'><a href='https:\/\/new.inrevel.com\/de\/how-should-a-mens-t-shirt-fit\/'>Wie sollte ein Herren-T-Shirt sitzen<\/a><\/li><li class='post_item post-item-495'><a href='https:\/\/new.inrevel.com\/de\/how-should-a-womans-t-shirt-fit\/'>Wie sollte ein Damen-T-Shirt sitzen<\/a><\/li><li class='post_item post-item-498'><a href='https:\/\/new.inrevel.com\/de\/mens-t-shirt-size-chart\/'>Herrengr\u00f6\u00dfentabelle f\u00fcr T-Shirts<\/a><\/li><li class='post_item post-item-501'><a href='https:\/\/new.inrevel.com\/de\/womens-t-shirt-size-chart\/'>Damengr\u00f6\u00dfentabelle f\u00fcr T-Shirts<\/a><\/li><li class='post_item post-item-504'><a href='https:\/\/new.inrevel.com\/de\/what-size-is-a-medium-t-shirt\/'>Welche Gr\u00f6\u00dfe hat ein Medium T-Shirt<\/a><\/li><li class='post_item post-item-507'><a href='https:\/\/new.inrevel.com\/de\/what-size-is-a-small-t-shirt\/'>Welche Gr\u00f6\u00dfe hat ein Small T-Shirt<\/a><\/li><li class='post_item post-item-510'><a href='https:\/\/new.inrevel.com\/de\/what-size-is-a-large-t-shirt\/'>Welche Gr\u00f6\u00dfe hat ein Large T-Shirt<\/a><\/li><li class='post_item post-item-513'><a href='https:\/\/new.inrevel.com\/de\/what-size-is-an-extra-large-t-shirt\/'>Welche Gr\u00f6\u00dfe hat ein Extra-Large T-Shirt<\/a><\/li><\/ul><\/div><\/div><div class='sitemap-column sitemap-columns-1 sitemap-posttypes'><div class='html-sitemap-column'><h2>Seiten<\/h2><ul><li class=\"page_item page-item-9\"><a href=\"https:\/\/new.inrevel.com\/de\/basket\/\">Basket<\/a><\/li>\n<li class=\"page_item page-item-79 current_page_parent\"><a href=\"https:\/\/new.inrevel.com\/de\/fashion-blog\/\">Blog<\/a><\/li>\n<li class=\"page_item page-item-10\"><a href=\"https:\/\/new.inrevel.com\/de\/checkout\/\">Checkout<\/a><\/li>\n<li class=\"page_item page-item-431\"><a href=\"https:\/\/new.inrevel.com\/de\/delivery\/\">Delivery<\/a><\/li>\n<li class=\"page_item page-item-415\"><a href=\"https:\/\/new.inrevel.com\/de\/\">Home<\/a><\/li>\n<li class=\"page_item page-item-11\"><a href=\"https:\/\/new.inrevel.com\/de\/my-account\/\">My account<\/a><\/li>\n<li class=\"page_item page-item-3\"><a href=\"https:\/\/new.inrevel.com\/de\/privacy-policy\/\">Datenschutz<\/a><\/li>\n<li class=\"page_item page-item-8\"><a href=\"https:\/\/new.inrevel.com\/de\/shop\/\">Shop<\/a><\/li>\n<li class=\"page_item page-item-433\"><a href=\"https:\/\/new.inrevel.com\/de\/sitemap\/\">Sitemap<\/a><\/li>\n<li class=\"page_item page-item-428\"><a href=\"https:\/\/new.inrevel.com\/de\/the-brand\/\">The Brand<\/a><\/li>\n<li class=\"page_item page-item-420\"><a href=\"https:\/\/new.inrevel.com\/de\/wishlist\/\">Wishlist<\/a><\/li>\n<\/ul><\/div><\/div><div class='sitemap-column sitemap-columns-1 sitemap-posttypes'><div class='html-sitemap-column'><h2>Produkte<\/h2><ul><li class='product_item product-item-69'><a href='https:\/\/new.inrevel.com\/de\/mens-crewneck-sweatshirt-black-scull\/'>Men&#8217;s Crewneck Sweatshirt &#8220;Black Scull&#8221;<\/a><\/li><\/ul><\/div><\/div><div class='sitemap-column sitemap-columns-1 sitemap-posttypes'><div class='html-sitemap-column'><h2>Kategorien<\/h2><ul><li class='_item -item-76'><a href='https:\/\/new.inrevel.com\/de\/fashion-history\/'>Fashion History<\/a><\/li><li class='_item -item-71'><a href='https:\/\/new.inrevel.com\/de\/how-to-choose\/'>How To Choose<\/a><\/li><li class='_item -item-78'><a href='https:\/\/new.inrevel.com\/de\/materials\/'>Materials<\/a><\/li><li class='_item -item-75'><a href='https:\/\/new.inrevel.com\/de\/men\/'>Herren<\/a><\/li><li class='_item -item-63'><a href='https:\/\/new.inrevel.com\/de\/t-shirts\/'>T-Shirts<\/a><\/li><li class='_item -item-74'><a href='https:\/\/new.inrevel.com\/de\/women\/'>Damen<\/a><\/li><\/ul><\/div><\/div><div class='sitemap-column sitemap-columns-1 sitemap-posttypes'><div class='html-sitemap-column'><h2>Schlagw\u00f6rter<\/h2><ul><li class='_item -item-84'><a href='https:\/\/new.inrevel.com\/de\/tag\/extra-large-size\/'>Extra-Large Size<\/a><\/li><li class='_item -item-80'><a href='https:\/\/new.inrevel.com\/de\/tag\/fit\/'>Fit<\/a><\/li><li class='_item -item-73'><a href='https:\/\/new.inrevel.com\/de\/tag\/guide\/'>Guide<\/a><\/li><li class='_item -item-77'><a href='https:\/\/new.inrevel.com\/de\/tag\/interesting\/'>Interesting<\/a><\/li><li class='_item -item-83'><a href='https:\/\/new.inrevel.com\/de\/tag\/large-size\/'>Large Size<\/a><\/li><li class='_item -item-79'><a href='https:\/\/new.inrevel.com\/de\/tag\/length\/'>L\u00e4nge<\/a><\/li><li class='_item -item-81'><a href='https:\/\/new.inrevel.com\/de\/tag\/medium-size\/'>Medium Size<\/a><\/li><li class='_item -item-72'><a href='https:\/\/new.inrevel.com\/de\/tag\/size\/'>Gr\u00f6\u00dfe<\/a><\/li><li class='_item -item-82'><a href='https:\/\/new.inrevel.com\/de\/tag\/small-size\/'>Small Size<\/a><\/li><\/ul><\/div><\/div><div class='sitemap-column sitemap-columns-1 sitemap-posttypes'><div class='html-sitemap-column'><h2>Produkt-Kategorien<\/h2><ul><li class='_item -item-15'><a href='https:\/\/new.inrevel.com\/de\/uncategorised\/'>Uncategorised<\/a><\/li><\/ul><\/div><\/div><div class='sitemap-column sitemap-columns-1 sitemap-posttypes'><div class='html-sitemap-column'><h2>Produkt Schlagw\u00f6rter<\/h2><ul><li class='_item -item-34'><a href='https:\/\/new.inrevel.com\/de\/produkt-schlagwort\/cyberpunk\/'>Cyberpunk<\/a><\/li><li class='_item -item-35'><a href='https:\/\/new.inrevel.com\/de\/produkt-schlagwort\/gaming\/'>Gaming<\/a><\/li><li class='_item -item-33'><a href='https:\/\/new.inrevel.com\/de\/produkt-schlagwort\/street-style\/'>Streetstyle<\/a><\/li><\/ul><\/div><\/div><\/div>","protected":false},"excerpt":{"rendered":"","protected":false},"author":1,"featured_media":0,"parent":0,"menu_order":0,"comment_status":"closed","ping_status":"closed","template":"","meta":{"footnotes":""},"class_list":["post-433","page","type-page","status-publish","hentry"],"_links":{"self":[{"href":"https:\/\/new.inrevel.com\/de\/wp-json\/wp\/v2\/pages\/433","targetHints":{"allow":["GET"]}}],"collection":[{"href":"https:\/\/new.inrevel.com\/de\/wp-json\/wp\/v2\/pages"}],"about":[{"href":"https:\/\/new.inrevel.com\/de\/wp-json\/wp\/v2\/types\/page"}],"author":[{"embeddable":true,"href":"https:\/\/new.inrevel.com\/de\/wp-json\/wp\/v2\/users\/1"}],"replies":[{"embeddable":true,"href":"https:\/\/new.inrevel.com\/de\/wp-json\/wp\/v2\/comments?post=433"}],"version-history":[{"count":3,"href":"https:\/\/new.inrevel.com\/de\/wp-json\/wp\/v2\/pages\/433\/revisions"}],"predecessor-version":[{"id":436,"href":"https:\/\/new.inrevel.com\/de\/wp-json\/wp\/v2\/pages\/433\/revisions\/436"}],"wp:attachment":[{"href":"https:\/\/new.inrevel.com\/de\/wp-json\/wp\/v2\/media?parent=433"}],"curies":[{"name":"wp","href":"https:\/\/api.w.org\/{rel}","templated":true}]}}